{"id":235,"date":"2019-04-11T10:57:27","date_gmt":"2019-04-11T08:57:27","guid":{"rendered":"http:\/\/dev.etainier-tourangeau.com\/?post_type=product&#038;p=235"},"modified":"2021-05-10T15:39:49","modified_gmt":"2021-05-10T13:39:49","slug":"colonnettes-de-bar","status":"publish","type":"product","link":"https:\/\/etainier-tourangeau.com\/de\/produit\/colonnettes-de-bar\/","title":{"rendered":"S\u00e4ulen f\u00fcr Tresenaufbauten"},"content":{"rendered":"","protected":false},"excerpt":{"rendered":"<p>S\u00e4ulen f\u00fcr R\u00fcckbuffetaufbauten ausgef\u00fchrt in Zinn oder poliertem Messing. Zwei Modelle in Standardabmessungen, gro\u00df 37 cm und klein 22 cm.<\/p>\n","protected":false},"featured_media":1081,"template":"","meta":{"_et_pb_use_builder":"off","_et_pb_old_content":"","_et_gb_content_width":""},"product_cat":[21],"product_tag":[],"_links":{"self":[{"href":"https:\/\/etainier-tourangeau.com\/de\/wp-json\/wp\/v2\/product\/235"}],"collection":[{"href":"https:\/\/etainier-tourangeau.com\/de\/wp-json\/wp\/v2\/product"}],"about":[{"href":"https:\/\/etainier-tourangeau.com\/de\/wp-json\/wp\/v2\/types\/product"}],"wp:featuredmedia":[{"embeddable":true,"href":"https:\/\/etainier-tourangeau.com\/de\/wp-json\/wp\/v2\/media\/1081"}],"wp:attachment":[{"href":"https:\/\/etainier-tourangeau.com\/de\/wp-json\/wp\/v2\/media?parent=235"}],"wp:term":[{"taxonomy":"product_cat","embeddable":true,"href":"https:\/\/etainier-tourangeau.com\/de\/wp-json\/wp\/v2\/product_cat?post=235"},{"taxonomy":"product_tag","embeddable":true,"href":"https:\/\/etainier-tourangeau.com\/de\/wp-json\/wp\/v2\/product_tag?post=235"}],"curies":[{"name":"wp","href":"https:\/\/api.w.org\/{rel}","templated":true}]}}