{"id":237,"date":"2019-04-11T10:57:39","date_gmt":"2019-04-11T08:57:39","guid":{"rendered":"http:\/\/dev.etainier-tourangeau.com\/?post_type=product&#038;p=237"},"modified":"2020-10-13T11:52:49","modified_gmt":"2020-10-13T09:52:49","slug":"plonges-et-cuves","status":"publish","type":"product","link":"https:\/\/etainier-tourangeau.com\/de\/produit\/plonges-et-cuves\/","title":{"rendered":"Zinn-Becken"},"content":{"rendered":"","protected":false},"excerpt":{"rendered":"<p>Ma\u00dfgefertigte Becken und Wannen zur Einpassung in die R\u00fcckfronten von Barm\u00f6beln, in K\u00fcchen, als Arbeitsplatten oder auch in B\u00e4dern.<\/p>\n","protected":false},"featured_media":1073,"template":"","meta":{"_et_pb_use_builder":"off","_et_pb_old_content":"","_et_gb_content_width":""},"product_cat":[21],"product_tag":[],"_links":{"self":[{"href":"https:\/\/etainier-tourangeau.com\/de\/wp-json\/wp\/v2\/product\/237"}],"collection":[{"href":"https:\/\/etainier-tourangeau.com\/de\/wp-json\/wp\/v2\/product"}],"about":[{"href":"https:\/\/etainier-tourangeau.com\/de\/wp-json\/wp\/v2\/types\/product"}],"wp:featuredmedia":[{"embeddable":true,"href":"https:\/\/etainier-tourangeau.com\/de\/wp-json\/wp\/v2\/media\/1073"}],"wp:attachment":[{"href":"https:\/\/etainier-tourangeau.com\/de\/wp-json\/wp\/v2\/media?parent=237"}],"wp:term":[{"taxonomy":"product_cat","embeddable":true,"href":"https:\/\/etainier-tourangeau.com\/de\/wp-json\/wp\/v2\/product_cat?post=237"},{"taxonomy":"product_tag","embeddable":true,"href":"https:\/\/etainier-tourangeau.com\/de\/wp-json\/wp\/v2\/product_tag?post=237"}],"curies":[{"name":"wp","href":"https:\/\/api.w.org\/{rel}","templated":true}]}}