{"id":284,"date":"2019-04-11T16:51:32","date_gmt":"2019-04-11T14:51:32","guid":{"rendered":"http:\/\/dev.etainier-tourangeau.com\/?post_type=product&#038;p=284"},"modified":"2020-10-13T11:52:49","modified_gmt":"2020-10-13T09:52:49","slug":"savon-mineral","status":"publish","type":"product","link":"https:\/\/etainier-tourangeau.com\/de\/produit\/savon-mineral\/","title":{"rendered":"Mineralseife"},"content":{"rendered":"","protected":false},"excerpt":{"rendered":"<p>Diese Mineralseife wurde speziell f\u00fcr die Pflege von Thekenoberfl\u00e4chen aus Zinn entwickelt und entstammt eigener Herstellung. Sie wird in Kartons zu je 8 T\u00f6pfen verkauft.<a href=\"http:\/\/www.etainier-tourangeau.com\/img\/accessoires\/accessoire_savon_mineral.pdf\">Imprimer le document<\/a><\/p>\n","protected":false},"featured_media":1096,"template":"","meta":{"_et_pb_use_builder":"on","_et_pb_old_content":"","_et_gb_content_width":""},"product_cat":[21],"product_tag":[],"_links":{"self":[{"href":"https:\/\/etainier-tourangeau.com\/de\/wp-json\/wp\/v2\/product\/284"}],"collection":[{"href":"https:\/\/etainier-tourangeau.com\/de\/wp-json\/wp\/v2\/product"}],"about":[{"href":"https:\/\/etainier-tourangeau.com\/de\/wp-json\/wp\/v2\/types\/product"}],"wp:featuredmedia":[{"embeddable":true,"href":"https:\/\/etainier-tourangeau.com\/de\/wp-json\/wp\/v2\/media\/1096"}],"wp:attachment":[{"href":"https:\/\/etainier-tourangeau.com\/de\/wp-json\/wp\/v2\/media?parent=284"}],"wp:term":[{"taxonomy":"product_cat","embeddable":true,"href":"https:\/\/etainier-tourangeau.com\/de\/wp-json\/wp\/v2\/product_cat?post=284"},{"taxonomy":"product_tag","embeddable":true,"href":"https:\/\/etainier-tourangeau.com\/de\/wp-json\/wp\/v2\/product_tag?post=284"}],"curies":[{"name":"wp","href":"https:\/\/api.w.org\/{rel}","templated":true}]}}